
{"id":137,"date":"2022-07-22T04:56:06","date_gmt":"2022-07-22T07:56:06","guid":{"rendered":"https:\/\/jobzilla.wprdx.com\/demo2\/?page_id=137"},"modified":"2025-12-04T17:19:37","modified_gmt":"2025-12-04T20:19:37","slug":"sobre-nos","status":"publish","type":"page","link":"https:\/\/vembumbar.com\/en\/sobre-nos\/","title":{"rendered":"About Us"},"content":{"rendered":"<div data-elementor-type=\"wp-page\" data-elementor-id=\"137\" class=\"elementor elementor-137\">\n\t\t\t\t\t\t\t\t\t<section class=\"elementor-section elementor-top-section elementor-element elementor-element-479f767 elementor-section-full_width elementor-section-height-default elementor-section-height-default\" data-id=\"479f767\" data-element_type=\"section\" data-settings=\"{&quot;background_background&quot;:&quot;classic&quot;}\">\n\t\t\t\t\t\t<div class=\"elementor-container elementor-column-gap-default\">\n\t\t\t\t\t<div class=\"elementor-column elementor-col-100 elementor-top-column elementor-element elementor-element-476fa32\" data-id=\"476fa32\" data-element_type=\"column\" data-settings=\"{&quot;background_background&quot;:&quot;classic&quot;}\">\n\t\t\t<div class=\"elementor-widget-wrap elementor-element-populated\">\n\t\t\t\t\t<div class=\"elementor-background-overlay\"><\/div>\n\t\t\t\t\t\t\t\t<div class=\"elementor-element elementor-element-28f9dc8 elementor-widget elementor-widget-spacer\" data-id=\"28f9dc8\" data-element_type=\"widget\" data-widget_type=\"spacer.default\">\n\t\t\t\t<div class=\"elementor-widget-container\">\n\t\t\t<style>\/*! elementor - v3.15.0 - 20-08-2023 *\/\n.elementor-column .elementor-spacer-inner{height:var(--spacer-size)}.e-con{--container-widget-width:100%}.e-con-inner>.elementor-widget-spacer,.e-con>.elementor-widget-spacer{width:var(--container-widget-width,var(--spacer-size));--align-self:var(--container-widget-align-self,initial);--flex-shrink:0}.e-con-inner>.elementor-widget-spacer>.elementor-widget-container,.e-con-inner>.elementor-widget-spacer>.elementor-widget-container>.elementor-spacer,.e-con>.elementor-widget-spacer>.elementor-widget-container,.e-con>.elementor-widget-spacer>.elementor-widget-container>.elementor-spacer{height:100%}.e-con-inner>.elementor-widget-spacer>.elementor-widget-container>.elementor-spacer>.elementor-spacer-inner,.e-con>.elementor-widget-spacer>.elementor-widget-container>.elementor-spacer>.elementor-spacer-inner{height:var(--container-widget-height,var(--spacer-size))}<\/style>\t\t<div class=\"elementor-spacer\">\n\t\t\t<div class=\"elementor-spacer-inner\"><\/div>\n\t\t<\/div>\n\t\t\t\t<\/div>\n\t\t\t\t<\/div>\n\t\t\t\t\t<\/div>\n\t\t<\/div>\n\t\t\t\t\t\t\t<\/div>\n\t\t<\/section>\n\t\t\t\t<section class=\"elementor-section elementor-top-section elementor-element elementor-element-7cf5aa7 elementor-section-height-min-height elementor-section-boxed elementor-section-height-default elementor-section-items-middle\" data-id=\"7cf5aa7\" data-element_type=\"section\" data-settings=\"{&quot;background_background&quot;:&quot;classic&quot;}\">\n\t\t\t\t\t\t<div class=\"elementor-container elementor-column-gap-default\">\n\t\t\t\t\t<div class=\"elementor-column elementor-col-100 elementor-top-column elementor-element elementor-element-a30e7e8\" data-id=\"a30e7e8\" data-element_type=\"column\">\n\t\t\t<div class=\"elementor-widget-wrap elementor-element-populated\">\n\t\t\t\t\t\t\t\t<div class=\"elementor-element elementor-element-6e6a950 elementor-widget elementor-widget-heading\" data-id=\"6e6a950\" data-element_type=\"widget\" data-widget_type=\"heading.default\">\n\t\t\t\t<div class=\"elementor-widget-container\">\n\t\t\t<style>\/*! elementor - v3.15.0 - 20-08-2023 *\/\n.elementor-heading-title{padding:0;margin:0;line-height:1}.elementor-widget-heading .elementor-heading-title[class*=elementor-size-]>a{color:inherit;font-size:inherit;line-height:inherit}.elementor-widget-heading .elementor-heading-title.elementor-size-small{font-size:15px}.elementor-widget-heading .elementor-heading-title.elementor-size-medium{font-size:19px}.elementor-widget-heading .elementor-heading-title.elementor-size-large{font-size:29px}.elementor-widget-heading .elementor-heading-title.elementor-size-xl{font-size:39px}.elementor-widget-heading .elementor-heading-title.elementor-size-xxl{font-size:59px}<\/style><h2 class=\"elementor-heading-title elementor-size-default\">About Us<\/h2>\t\t<\/div>\n\t\t\t\t<\/div>\n\t\t\t\t<div class=\"elementor-element elementor-element-38b7bb8 elementor-widget elementor-widget-text-editor\" data-id=\"38b7bb8\" data-element_type=\"widget\" data-widget_type=\"text-editor.default\">\n\t\t\t\t<div class=\"elementor-widget-container\">\n\t\t\t<style>\/*! elementor - v3.15.0 - 20-08-2023 *\/\n.elementor-widget-text-editor.elementor-drop-cap-view-stacked .elementor-drop-cap{background-color:#69727d;color:#fff}.elementor-widget-text-editor.elementor-drop-cap-view-framed .elementor-drop-cap{color:#69727d;border:3px solid;background-color:transparent}.elementor-widget-text-editor:not(.elementor-drop-cap-view-default) .elementor-drop-cap{margin-top:8px}.elementor-widget-text-editor:not(.elementor-drop-cap-view-default) .elementor-drop-cap-letter{width:1em;height:1em}.elementor-widget-text-editor .elementor-drop-cap{float:left;text-align:center;line-height:1;font-size:50px}.elementor-widget-text-editor .elementor-drop-cap-letter{display:inline-block}<\/style>\t\t\t\t<h6><strong>Somos a primeira plataforma de empregabilidade para imigrantes no Brasil desde 2022. Reconhecemos e valorizamos a import\u00e2ncia da diversidade, incluir, reter, e desenvolver profissionais imigrantes. Tamb\u00e9m reconhecemos as dificuldades enfrentadas por essa popula\u00e7\u00e3o no mercado de trabalho. Estamos comprometidos em ser parte da solu\u00e7\u00e3o, ajudando-os a superar essas barreiras e encontrar oportunidades de emprego que correspondam \u00e0s suas habilidades, compet\u00eancias e experi\u00eancias.&nbsp;<\/strong><br><strong>&nbsp;<\/strong><br><strong>A Vem Bumbar, tem a expertise de conectar imigrantes africanos com empresas que valorizam o letramento racial. E tamb\u00e9m, estamos em constante desenvolvimento com a nossa plataforma para torn\u00e1-la mais mais acess\u00edvel e eficiente para os nossos utilizadores.&nbsp;<\/strong><br><strong>&nbsp;<\/strong><br><strong>We work with companies throughout Brazil and at different hierarchical levels.<\/strong><\/h6>\t\t\t\t\t\t<\/div>\n\t\t\t\t<\/div>\n\t\t\t\t<div class=\"elementor-element elementor-element-4469ffe elementor-widget-divider--view-line elementor-widget elementor-widget-divider\" data-id=\"4469ffe\" data-element_type=\"widget\" data-widget_type=\"divider.default\">\n\t\t\t\t<div class=\"elementor-widget-container\">\n\t\t\t<style>\/*! elementor - v3.15.0 - 20-08-2023 *\/\n.elementor-widget-divider{--divider-border-style:none;--divider-border-width:1px;--divider-color:#0c0d0e;--divider-icon-size:20px;--divider-element-spacing:10px;--divider-pattern-height:24px;--divider-pattern-size:20px;--divider-pattern-url:none;--divider-pattern-repeat:repeat-x}.elementor-widget-divider .elementor-divider{display:flex}.elementor-widget-divider .elementor-divider__text{font-size:15px;line-height:1;max-width:95%}.elementor-widget-divider .elementor-divider__element{margin:0 var(--divider-element-spacing);flex-shrink:0}.elementor-widget-divider .elementor-icon{font-size:var(--divider-icon-size)}.elementor-widget-divider .elementor-divider-separator{display:flex;margin:0;direction:ltr}.elementor-widget-divider--view-line_icon .elementor-divider-separator,.elementor-widget-divider--view-line_text .elementor-divider-separator{align-items:center}.elementor-widget-divider--view-line_icon .elementor-divider-separator:after,.elementor-widget-divider--view-line_icon .elementor-divider-separator:before,.elementor-widget-divider--view-line_text .elementor-divider-separator:after,.elementor-widget-divider--view-line_text .elementor-divider-separator:before{display:block;content:\"\";border-bottom:0;flex-grow:1;border-top:var(--divider-border-width) var(--divider-border-style) var(--divider-color)}.elementor-widget-divider--element-align-left .elementor-divider .elementor-divider-separator>.elementor-divider__svg:first-of-type{flex-grow:0;flex-shrink:100}.elementor-widget-divider--element-align-left .elementor-divider-separator:before{content:none}.elementor-widget-divider--element-align-left .elementor-divider__element{margin-left:0}.elementor-widget-divider--element-align-right .elementor-divider .elementor-divider-separator>.elementor-divider__svg:last-of-type{flex-grow:0;flex-shrink:100}.elementor-widget-divider--element-align-right .elementor-divider-separator:after{content:none}.elementor-widget-divider--element-align-right .elementor-divider__element{margin-right:0}.elementor-widget-divider:not(.elementor-widget-divider--view-line_text):not(.elementor-widget-divider--view-line_icon) .elementor-divider-separator{border-top:var(--divider-border-width) var(--divider-border-style) var(--divider-color)}.elementor-widget-divider--separator-type-pattern{--divider-border-style:none}.elementor-widget-divider--separator-type-pattern.elementor-widget-divider--view-line .elementor-divider-separator,.elementor-widget-divider--separator-type-pattern:not(.elementor-widget-divider--view-line) .elementor-divider-separator:after,.elementor-widget-divider--separator-type-pattern:not(.elementor-widget-divider--view-line) .elementor-divider-separator:before,.elementor-widget-divider--separator-type-pattern:not([class*=elementor-widget-divider--view]) .elementor-divider-separator{width:100%;min-height:var(--divider-pattern-height);-webkit-mask-size:var(--divider-pattern-size) 100%;mask-size:var(--divider-pattern-size) 100%;-webkit-mask-repeat:var(--divider-pattern-repeat);mask-repeat:var(--divider-pattern-repeat);background-color:var(--divider-color);-webkit-mask-image:var(--divider-pattern-url);mask-image:var(--divider-pattern-url)}.elementor-widget-divider--no-spacing{--divider-pattern-size:auto}.elementor-widget-divider--bg-round{--divider-pattern-repeat:round}.rtl .elementor-widget-divider .elementor-divider__text{direction:rtl}.e-con-inner>.elementor-widget-divider,.e-con>.elementor-widget-divider{width:var(--container-widget-width,100%);--flex-grow:var(--container-widget-flex-grow)}<\/style>\t\t<div class=\"elementor-divider\">\n\t\t\t<span class=\"elementor-divider-separator\">\n\t\t\t\t\t\t<\/span>\n\t\t<\/div>\n\t\t\t\t<\/div>\n\t\t\t\t<\/div>\n\t\t\t\t<div class=\"elementor-element elementor-element-aeee05e elementor-widget elementor-widget-heading\" data-id=\"aeee05e\" data-element_type=\"widget\" data-widget_type=\"heading.default\">\n\t\t\t\t<div class=\"elementor-widget-container\">\n\t\t\t<h2 class=\"elementor-heading-title elementor-size-default\">Our team<\/h2>\t\t<\/div>\n\t\t\t\t<\/div>\n\t\t\t\t\t<\/div>\n\t\t<\/div>\n\t\t\t\t\t\t\t<\/div>\n\t\t<\/section>\n\t\t\t\t<section class=\"elementor-section elementor-top-section elementor-element elementor-element-6543286 elementor-section-boxed elementor-section-height-default elementor-section-height-default\" data-id=\"6543286\" data-element_type=\"section\" data-settings=\"{&quot;background_background&quot;:&quot;classic&quot;}\">\n\t\t\t\t\t\t\t<div class=\"elementor-background-overlay\"><\/div>\n\t\t\t\t\t\t\t<div class=\"elementor-container elementor-column-gap-default\">\n\t\t\t\t\t<div class=\"elementor-column elementor-col-50 elementor-top-column elementor-element elementor-element-cfa4cdb\" data-id=\"cfa4cdb\" data-element_type=\"column\">\n\t\t\t<div class=\"elementor-widget-wrap elementor-element-populated\">\n\t\t\t\t\t\t\t\t<div class=\"elementor-element elementor-element-77dabbb elementor-widget__width-initial elementor-invisible elementor-widget elementor-widget-ucaddon_team_member_card\" data-id=\"77dabbb\" data-element_type=\"widget\" data-settings=\"{&quot;_animation&quot;:&quot;fadeInUp&quot;}\" data-widget_type=\"ucaddon_team_member_card.default\">\n\t\t\t\t<div class=\"elementor-widget-container\">\n\t\t\t<!-- start Team Member Card -->\n\t\t<link id='font-awesome-css' href='https:\/\/vembumbar.com\/wp-content\/plugins\/unlimited-elements-for-elementor\/assets_libraries\/font-awesome5\/css\/fontawesome-all.min.css' type='text\/css' rel='stylesheet' >\n\t\t<link id='font-awesome-4-shim-css' href='https:\/\/vembumbar.com\/wp-content\/plugins\/unlimited-elements-for-elementor\/assets_libraries\/font-awesome5\/css\/fontawesome-v4-shims.css' type='text\/css' rel='stylesheet' >\n\n\t\t\t<style type=\"text\/css\">\/* widget: Team Member Card *\/\n\n#uc_team_member_card_elementor_77dabbb\n{\n  overflow:hidden;\n  position:relative;\n}\n\n#uc_team_member_card_elementor_77dabbb .ue-link-full-box\n{\n  position:absolute;\n  top:0px;\n  bottom:0px;\n  right:0px;\n  left:0px;\n  display:block;\n}\n\n.ue-team-member-card\n{\n  box-shadow:0px 5px 30px 0px rgba(0,0,0,0.20);\n}\n\n#uc_team_member_card_elementor_77dabbb .uc_more_btn\n{\n  text-align:center;\n  transition:0.3s;\n  text-decoration:none;\n}\n\n#uc_team_member_card_elementor_77dabbb .ue-team-member-card-image\n{\n  font-size:0px;\n}\n\n#uc_team_member_card_elementor_77dabbb .ue-team-member-card-image-container\n{\n  display:inline-block;\n  overflow:hidden;\n}\n\n\n\n#uc_team_member_card_elementor_77dabbb .ue-team-member-card-image img\n{\n  object-fit: cover;\n  width:100%;\n  transition:0.5s;\n}\n\n\n\n.ue-team-member-card-title\n{\n  font-size:21px;\n}\n\n#uc_team_member_card_elementor_77dabbb .ue-team-member-card-icons\n{\n  display:flex;\n}\n\n#uc_team_member_card_elementor_77dabbb .ue-team-member-card-icons a\n{\n  display:flex;\n  text-decoration:none;\n  line-height:1em;\n  align-items:center;\n  justify-content:center;\n  transition:1s;\n}\n\n#uc_team_member_card_elementor_77dabbb .ue-team-member-card-icons a svg\n{\n  width:1em;\n  height:1em;\n}\n\n#uc_team_member_card_elementor_77dabbb .ue-company-logo img\n{\n  width:100%;\n}\n\n<\/style>\n\n\t\t\t<div class=\"ue-team-member-card\" id=\"uc_team_member_card_elementor_77dabbb\">\n  \n    <div class=\"ue-team-member-card-header\">\n                                            <\/div>\n    \n  <div class=\"ue-team-member-card-content\">\n             <div class=\"ue-team-member-card-image\">\n         <div class=\"ue-team-member-card-image-container\">\n           <img decoding=\"async\" loading=\"lazy\" src=\"https:\/\/vembumbar.com\/wp-content\/uploads\/2024\/06\/fred-470x550.png\" alt=\"fred\"  width=\"470\" height=\"550\">\n         <\/div>\n       <\/div>\n            <div class=\"ue-team-member-card-title\">Frederick Eurico<\/div>            \n      \t\n    \n    \n      <div class=\"ue-team-member-card-text\"><p>Founder and Entrepreneur<\/p><\/div>              <\/div>\n  \n    \n    \n<\/div>\n\t\t\t<!-- end Team Member Card -->\t\t<\/div>\n\t\t\t\t<\/div>\n\t\t\t\t\t<\/div>\n\t\t<\/div>\n\t\t\t\t<div class=\"elementor-column elementor-col-50 elementor-top-column elementor-element elementor-element-a749383\" data-id=\"a749383\" data-element_type=\"column\">\n\t\t\t<div class=\"elementor-widget-wrap elementor-element-populated\">\n\t\t\t\t\t\t\t\t<div class=\"elementor-element elementor-element-409b176 elementor-invisible elementor-widget elementor-widget-ucaddon_team_member_card\" data-id=\"409b176\" data-element_type=\"widget\" data-settings=\"{&quot;_animation&quot;:&quot;fadeInUp&quot;}\" data-widget_type=\"ucaddon_team_member_card.default\">\n\t\t\t\t<div class=\"elementor-widget-container\">\n\t\t\t<!-- start Team Member Card -->\n\n\t\t\t<style type=\"text\/css\">\/* widget: Team Member Card *\/\n\n#uc_team_member_card_elementor_409b176\n{\n  overflow:hidden;\n  position:relative;\n}\n\n#uc_team_member_card_elementor_409b176 .ue-link-full-box\n{\n  position:absolute;\n  top:0px;\n  bottom:0px;\n  right:0px;\n  left:0px;\n  display:block;\n}\n\n.ue-team-member-card\n{\n  box-shadow:0px 5px 30px 0px rgba(0,0,0,0.20);\n}\n\n#uc_team_member_card_elementor_409b176 .uc_more_btn\n{\n  text-align:center;\n  transition:0.3s;\n  text-decoration:none;\n}\n\n#uc_team_member_card_elementor_409b176 .ue-team-member-card-image\n{\n  font-size:0px;\n}\n\n#uc_team_member_card_elementor_409b176 .ue-team-member-card-image-container\n{\n  display:inline-block;\n  overflow:hidden;\n}\n\n\n\n#uc_team_member_card_elementor_409b176 .ue-team-member-card-image img\n{\n  object-fit: cover;\n  width:100%;\n  transition:0.5s;\n}\n\n\n\n.ue-team-member-card-title\n{\n  font-size:21px;\n}\n\n#uc_team_member_card_elementor_409b176 .ue-team-member-card-icons\n{\n  display:flex;\n}\n\n#uc_team_member_card_elementor_409b176 .ue-team-member-card-icons a\n{\n  display:flex;\n  text-decoration:none;\n  line-height:1em;\n  align-items:center;\n  justify-content:center;\n  transition:1s;\n}\n\n#uc_team_member_card_elementor_409b176 .ue-team-member-card-icons a svg\n{\n  width:1em;\n  height:1em;\n}\n\n#uc_team_member_card_elementor_409b176 .ue-company-logo img\n{\n  width:100%;\n}\n\n<\/style>\n\n\t\t\t<div class=\"ue-team-member-card\" id=\"uc_team_member_card_elementor_409b176\">\n  \n    <div class=\"ue-team-member-card-header\">\n                                            <\/div>\n    \n  <div class=\"ue-team-member-card-content\">\n             <div class=\"ue-team-member-card-image\">\n         <div class=\"ue-team-member-card-image-container\">\n           <img decoding=\"async\" loading=\"lazy\" src=\"https:\/\/vembumbar.com\/wp-content\/uploads\/2023\/04\/adilson.png\" alt=\"adilson\"  width=\"525\" height=\"405\">\n         <\/div>\n       <\/div>\n            <div class=\"ue-team-member-card-title\">Adilson Albino<\/div>            \n      \t\n    \n    \n      <div class=\"ue-team-member-card-text\"><p>IT director<\/p><\/div>              <\/div>\n  \n    \n    \n<\/div>\n\t\t\t<!-- end Team Member Card -->\t\t<\/div>\n\t\t\t\t<\/div>\n\t\t\t\t\t<\/div>\n\t\t<\/div>\n\t\t\t\t\t\t\t<\/div>\n\t\t<\/section>\n\t\t\t\t\t\t\t<\/div>","protected":false},"excerpt":{"rendered":"<p>Sobre N\u00f3s Somos a primeira plataforma de empregabilidade para imigrantes no Brasil desde 2022. Reconhecemos e valorizamos a import\u00e2ncia da diversidade, incluir, reter, e desenvolver profissionais imigrantes. Tamb\u00e9m reconhecemos as dificuldades enfrentadas por essa popula\u00e7\u00e3o no mercado de trabalho. Estamos comprometidos em ser parte da solu\u00e7\u00e3o, ajudando-os a superar essas barreiras e encontrar oportunidades de <\/p>","protected":false},"author":218,"featured_media":0,"parent":0,"menu_order":0,"comment_status":"closed","ping_status":"closed","template":"jobzilla_template.php","meta":{"_monsterinsights_skip_tracking":false,"_monsterinsights_sitenote_active":false,"_monsterinsights_sitenote_note":"","_monsterinsights_sitenote_category":0,"_joinchat":[]},"_links":{"self":[{"href":"https:\/\/vembumbar.com\/en\/wp-json\/wp\/v2\/pages\/137"}],"collection":[{"href":"https:\/\/vembumbar.com\/en\/wp-json\/wp\/v2\/pages"}],"about":[{"href":"https:\/\/vembumbar.com\/en\/wp-json\/wp\/v2\/types\/page"}],"author":[{"embeddable":true,"href":"https:\/\/vembumbar.com\/en\/wp-json\/wp\/v2\/users\/218"}],"replies":[{"embeddable":true,"href":"https:\/\/vembumbar.com\/en\/wp-json\/wp\/v2\/comments?post=137"}],"version-history":[{"count":202,"href":"https:\/\/vembumbar.com\/en\/wp-json\/wp\/v2\/pages\/137\/revisions"}],"predecessor-version":[{"id":8349,"href":"https:\/\/vembumbar.com\/en\/wp-json\/wp\/v2\/pages\/137\/revisions\/8349"}],"wp:attachment":[{"href":"https:\/\/vembumbar.com\/en\/wp-json\/wp\/v2\/media?parent=137"}],"curies":[{"name":"wp","href":"https:\/\/api.w.org\/{rel}","templated":true}]}}