
{"id":145,"date":"2022-07-22T04:57:32","date_gmt":"2022-07-22T07:57:32","guid":{"rendered":"https:\/\/jobzilla.wprdx.com\/demo2\/?page_id=145"},"modified":"2024-12-12T20:00:47","modified_gmt":"2024-12-12T23:00:47","slug":"contato","status":"publish","type":"page","link":"https:\/\/vembumbar.com\/en\/contato\/","title":{"rendered":"Contact"},"content":{"rendered":"<div data-elementor-type=\"wp-page\" data-elementor-id=\"145\" class=\"elementor elementor-145\">\n\t\t\t\t\t\t\t\t\t<section class=\"elementor-section elementor-top-section elementor-element elementor-element-e41ff64 elementor-section-full_width elementor-section-height-default elementor-section-height-default\" data-id=\"e41ff64\" data-element_type=\"section\">\n\t\t\t\t\t\t<div class=\"elementor-container elementor-column-gap-custom\">\n\t\t\t\t\t<div class=\"elementor-column elementor-col-100 elementor-top-column elementor-element elementor-element-c71013f\" data-id=\"c71013f\" data-element_type=\"column\">\n\t\t\t<div class=\"elementor-widget-wrap elementor-element-populated\">\n\t\t\t\t\t\t\t\t<div class=\"elementor-element elementor-element-6a2a19f elementor-widget elementor-widget-dz-contact-form-1\" data-id=\"6a2a19f\" data-element_type=\"widget\" data-widget_type=\"dz-contact-form-1.default\">\n\t\t\t\t<div class=\"elementor-widget-container\">\n\t\t\t<!-- CONTACT FORM -->\r\n<div class=\"section-full twm-contact-one\">   \r\n    <div class=\"section-content\">\r\n        <div class=\"container\">                \r\n            <!-- CONTACT FORM-->\r\n            <div class=\"contact-one-inner content-inner\">\r\n                <div class=\"row\">\r\n                    <div class=\"col-lg-6 col-md-12\">\r\n                        <div class=\"contact-form-outer cons-contact-form\">\r\n                                                            <!-- TITLE START-->\r\n                                <div class=\"section-head left wt-small-separator-outer\">\r\n                                                                            <h2 class=\"wt-title\">\r\n                                            Send your question                                        <\/h2>\r\n                                    \r\n                                                                            <p>\r\n                                            Please feel free to contact us and we will get back to you as soon as possible.                                        <\/p>\r\n                                                                    <\/div>\r\n                                <!-- TITLE END--> \r\n                            \r\n                            \n<div class=\"wpcf7 no-js\" id=\"wpcf7-f2461-o1\" lang=\"en-US\" dir=\"ltr\">\n<div class=\"screen-reader-response\"><p role=\"status\" aria-live=\"polite\" aria-atomic=\"true\"><\/p> <ul><\/ul><\/div>\n<form action=\"\/en\/wp-json\/wp\/v2\/pages\/145#wpcf7-f2461-o1\" method=\"post\" class=\"wpcf7-form init\" aria-label=\"Contact form\" novalidate=\"novalidate\" data-status=\"init\" data-trp-original-action=\"\/en\/wp-json\/wp\/v2\/pages\/145#wpcf7-f2461-o1\">\n<div style=\"display: none;\">\n<input type=\"hidden\" name=\"_wpcf7\" value=\"2461\" \/>\n<input type=\"hidden\" name=\"_wpcf7_version\" value=\"5.8\" \/>\n<input type=\"hidden\" name=\"_wpcf7_locale\" value=\"en_US\" \/>\n<input type=\"hidden\" name=\"_wpcf7_unit_tag\" value=\"wpcf7-f2461-o1\" \/>\n<input type=\"hidden\" name=\"_wpcf7_container_post\" value=\"0\" \/>\n<input type=\"hidden\" name=\"_wpcf7_posted_data_hash\" value=\"\" \/>\n<\/div>\n<div class=\"row\">\n<div class=\"col-lg-12\">\n<div class=\"form-group mb-3\">\n<span class=\"wpcf7-form-control-wrap\" data-name=\"username\"><input size=\"40\" class=\"wpcf7-form-control wpcf7-text wpcf7-validates-as-required form-control\" aria-required=\"true\" aria-invalid=\"false\" placeholder=\"Name\" value=\"\" type=\"text\" name=\"username\" \/><\/span>\n<\/div>\n<\/div>\n\n<div class=\"col-lg-12\">\n<div class=\"form-group mb-3\">\n<span class=\"wpcf7-form-control-wrap\" data-name=\"email\"><input size=\"40\" class=\"wpcf7-form-control wpcf7-text wpcf7-validates-as-required form-control\" aria-required=\"true\" aria-invalid=\"false\" placeholder=\"Email\" value=\"\" type=\"text\" name=\"email\" \/><\/span>\n<\/div>\n<\/div>\n\n<div class=\"col-lg-12\">\n<div class=\"form-group mb-3\">\n<span class=\"wpcf7-form-control-wrap\" data-name=\"phone\"><input size=\"40\" class=\"wpcf7-form-control wpcf7-text wpcf7-validates-as-required form-control\" aria-required=\"true\" aria-invalid=\"false\" placeholder=\"Telephone\" value=\"\" type=\"text\" name=\"phone\" \/><\/span>\n<\/div>\n<\/div>\n\n<div class=\"col-lg-12\">\n<div class=\"form-group mb-3\">\n<span class=\"wpcf7-form-control-wrap\" data-name=\"subject\"><input size=\"40\" class=\"wpcf7-form-control wpcf7-text wpcf7-validates-as-required form-control\" aria-required=\"true\" aria-invalid=\"false\" placeholder=\"Subject\" value=\"\" type=\"text\" name=\"subject\" \/><\/span>\n<\/div>\n<\/div>\n\n<div class=\"col-lg-12\">\n<div class=\"form-group mb-3\">\n<span class=\"wpcf7-form-control-wrap\" data-name=\"message\"><textarea cols=\"40\" rows=\"10\" class=\"wpcf7-form-control wpcf7-textarea wpcf7-validates-as-required form-control\" aria-required=\"true\" aria-invalid=\"false\" placeholder=\"Message\" name=\"message\"><\/textarea><\/span>\n<\/div>\n<\/div>\n\n<div class=\"col-md-12\">\n<input class=\"wpcf7-form-control wpcf7-submit has-spinner site-button\" type=\"submit\" value=\"To send\" \/>\n<\/div>\t\t\t\t\t\t\t\t\t\n<\/div><div class=\"wpcf7-response-output\" aria-hidden=\"true\"><\/div>\n<input type=\"hidden\" name=\"trp-form-language\" value=\"en\"\/><\/form>\n<\/div>\n                        <\/div>\r\n                    <\/div> \r\n\r\n                                            <div class=\"col-lg-6 col-md-12\">\r\n                            <div class=\"contact-info-wrap\">\r\n                                <div class=\"contact-info\">\r\n                                    <div class=\"contact-info-section\">  \r\n                                                                                    <div class=\"c-info-column\">\r\n                                                <div class=\"c-info-icon custome-size\"><i class=\"fas fa-map-marker-alt\"><\/i><\/div>\r\n\r\n                                                                                                    <h5 class=\"twm-title\">\r\n                                                        Location                                                    <\/h5>\r\n                                                \r\n                                                                                                    <p>\r\n                                                        ZIP Code: 01451-907, Sao Paulo - SP                                                    <\/p>\r\n                                                                                                \r\n                                            <\/div>  \r\n                                                                                    <div class=\"c-info-column\">\r\n                                                <div class=\"c-info-icon\"><i class=\"fas fa-mobile-alt\"><\/i><\/div>\r\n\r\n                                                                                                    <h5 class=\"twm-title\">\r\n                                                        Please feel free to contact us.                                                    <\/h5>\r\n                                                \r\n                                                                                                    <p>\r\n                                                        +55 11 96109-4414 <br>                                                     <\/p>\r\n                                                                                                \r\n                                            <\/div>  \r\n                                                                                    <div class=\"c-info-column\">\r\n                                                <div class=\"c-info-icon custome-size\"><i class=\"fas fa-envelope\"><\/i><\/div>\r\n\r\n                                                                                                    <h5 class=\"twm-title\">\r\n                                                        Support                                                    <\/h5>\r\n                                                \r\n                                                                                                    <p>\r\n                                                        contato@vembumbar.com                                                    <\/p>\r\n                                                                                                \r\n                                            <\/div>  \r\n                                                \r\n                                    <\/div>\r\n                                <\/div>\r\n                            <\/div>\r\n                        <\/div>\r\n                                    <\/div>\r\n            <\/div>            \r\n        <\/div>        \r\n    <\/div>\r\n<\/div>\r\n\r\n    <div class=\"gmap-outline\">\r\n        <div class=\"google-map\">\r\n            <iframe src=\"https:\/\/www.google.com\/maps\/embed?pb=!1m18!1m12!1m3!1d3656.926155665626!2d-46.59028808797896!3d-23.571095478704738!2m3!1f0!2f0!3f0!3m2!1i1024!2i768!4f13.1!3m3!1m2!1s0x94cef703bd330163%3A0xa7549f9f7a3959a4!2sCentro%20Cultural%20Casa%20de%20Angola%20em%20S%C3%A3o%20Paulo!5e0!3m2!1spt-BR!2sus!4v1681336828915!5m2!1spt-BR!2sus\" width=\"600\" height=\"450\" style=\"border:0;\" allowfullscreen=\"\" loading=\"lazy\" referrerpolicy=\"no-referrer-when-downgrade\"><\/iframe>        <\/div>\r\n    <\/div>\r\n\t\t<\/div>\n\t\t\t\t<\/div>\n\t\t\t\t\t<\/div>\n\t\t<\/div>\n\t\t\t\t\t\t\t<\/div>\n\t\t<\/section>\n\t\t\t\t\t\t\t<\/div>","protected":false},"excerpt":{"rendered":"<p>Envie sua d\u00favida Sinta-se \u00e0 vontade para entrar em contato conosco e retornaremos o mais breve poss\u00edvel. Localiza\u00e7\u00e3o Avenida Brig Faria Lima, 1912, Jardim Paulistano CEP: 01451-907, S\u00e3o Paulo &#8211; SP Esteja a vontade para nos contatar +55 11 96109-4414 Suporte contato@vembumbar.com<\/p>","protected":false},"author":218,"featured_media":0,"parent":0,"menu_order":0,"comment_status":"closed","ping_status":"closed","template":"jobzilla_homepage.php","meta":{"_monsterinsights_skip_tracking":false,"_monsterinsights_sitenote_active":false,"_monsterinsights_sitenote_note":"","_monsterinsights_sitenote_category":0,"_joinchat":[]},"_links":{"self":[{"href":"https:\/\/vembumbar.com\/en\/wp-json\/wp\/v2\/pages\/145"}],"collection":[{"href":"https:\/\/vembumbar.com\/en\/wp-json\/wp\/v2\/pages"}],"about":[{"href":"https:\/\/vembumbar.com\/en\/wp-json\/wp\/v2\/types\/page"}],"author":[{"embeddable":true,"href":"https:\/\/vembumbar.com\/en\/wp-json\/wp\/v2\/users\/218"}],"replies":[{"embeddable":true,"href":"https:\/\/vembumbar.com\/en\/wp-json\/wp\/v2\/comments?post=145"}],"version-history":[{"count":13,"href":"https:\/\/vembumbar.com\/en\/wp-json\/wp\/v2\/pages\/145\/revisions"}],"predecessor-version":[{"id":7962,"href":"https:\/\/vembumbar.com\/en\/wp-json\/wp\/v2\/pages\/145\/revisions\/7962"}],"wp:attachment":[{"href":"https:\/\/vembumbar.com\/en\/wp-json\/wp\/v2\/media?parent=145"}],"curies":[{"name":"wp","href":"https:\/\/api.w.org\/{rel}","templated":true}]}}